{"id":12,"date":"2025-02-22T21:18:36","date_gmt":"2025-02-22T20:18:36","guid":{"rendered":"https:\/\/tedetoi.com\/?page_id=12"},"modified":"2026-01-22T11:27:35","modified_gmt":"2026-01-22T10:27:35","slug":"lassociation","status":"publish","type":"page","link":"https:\/\/tedetoi.com\/index.php\/lassociation\/","title":{"rendered":"L&rsquo;association"},"content":{"rendered":"\n<h3 class=\"wp-block-heading\">Qui sommes-nous ?<\/h3>\n\n\n\n<p>Notre association TED\u00e9TOI a pour objet d\u2019informer le grand public de particuliers et de professionnels sur les TSA, et d\u2019accompagner les enfants \u2013 les adolescents \u2013 les adultes autistes et leur famille depuis 2013.<\/p>\n\n\n\n<p>De par la complexit\u00e9 de ce handicap neurod\u00e9veloppemental, nos actions sont nombreuses et multiples pour pallier aux difficult\u00e9s que rencontrent les personnes touch\u00e9es par l\u2019autisme.<br>Scolarisation, professionnalisation, d\u00e9marches administratives, respect des droits des personnes, coaching parental, structuration de l\u2019environnement, socialisation, soutien de la fratrie\u2026<br>Nos domaines d\u2019intervention et d\u2019accompagnement sont vari\u00e9s et n\u00e9cessitent une formation sp\u00e9cialis\u00e9e continue et un investissement financier important.<\/p>\n\n\n\n<h3 class=\"wp-block-heading\">Composition de l&rsquo;association<\/h3>\n\n\n\n<p>Membres du Bureau :<\/p>\n\n\n\n<ul class=\"wp-block-list\">\n<li>Marie Taillandier, Pr\u00e9sidente<\/li>\n\n\n\n<li>Sylvie Tardi, Vice-Pr\u00e9sidente, maman d&rsquo;un jeune adulte autiste<\/li>\n\n\n\n<li>Yann Gerriet, Tr\u00e9sorier<\/li>\n\n\n\n<li>Isabelle Busi, Secr\u00e9taire<\/li>\n<\/ul>\n\n\n\n<p>Membres du Conseil d&rsquo;administration :<\/p>\n\n\n\n<ul class=\"wp-block-list\">\n<li>Carole Broie, professionnelle du secteur m\u00e9dico-social, maman d&rsquo;un adulte autiste<\/li>\n\n\n\n<li>Sylvaine Chianzello, professionnelle de la petite enfance<\/li>\n\n\n\n<li>Patricia Dubois, M\u00e9decin g\u00e9n\u00e9raliste<\/li>\n<\/ul>\n\n\n\n<p>Membres d&rsquo;honneur :<\/p>\n\n\n\n<ul class=\"wp-block-list\">\n<li>Nicole Brunn, Infirmi\u00e8re \u00e0 la retraite<\/li>\n\n\n\n<li>R\u00e9gis Brundo, Infirmier<\/li>\n<\/ul>\n\n\n\n<h3 class=\"wp-block-heading\">Profil de la fondatrice<\/h3>\n\n\n<div class=\"wp-block-image\">\n<figure class=\"aligncenter size-full is-resized\"><img loading=\"lazy\" decoding=\"async\" width=\"720\" height=\"960\" src=\"https:\/\/tedetoi.com\/wp-content\/uploads\/2026\/01\/photo_marie_taillandier_960.jpg\" alt=\"\" class=\"wp-image-304\" style=\"width:auto;height:360px\" srcset=\"https:\/\/tedetoi.com\/wp-content\/uploads\/2026\/01\/photo_marie_taillandier_960.jpg 720w, https:\/\/tedetoi.com\/wp-content\/uploads\/2026\/01\/photo_marie_taillandier_960-225x300.jpg 225w\" sizes=\"auto, (max-width: 720px) 100vw, 720px\" \/><\/figure>\n<\/div>\n\n\n<p><strong>Marie Taillandier :<\/strong><\/p>\n\n\n\n<ul class=\"wp-block-list\">\n<li>Pr\u00e9sidente fondatrice de l&rsquo;association TED\u00e9TOI depuis 2013<\/li>\n\n\n\n<li>Maman d&rsquo;un adulte autiste, multidys<\/li>\n\n\n\n<li>Dipl\u00f4m\u00e9e du secteur m\u00e9dico-social<\/li>\n\n\n\n<li>Professionnelle de la petite enfance pendant 10 ans<\/li>\n\n\n\n<li>25 ans d&rsquo;exp\u00e9rience dans l&rsquo;autisme, suivant une formation continue afin de se tenir inform\u00e9e des \u00e9volutions dans le domaine et de profiter de l&rsquo;exp\u00e9rience des autres<\/li>\n\n\n\n<li>Form\u00e9e \u00e0 l&rsquo;identification des crit\u00e8res de l&rsquo;autisme selon le DSM V<\/li>\n\n\n\n<li>Form\u00e9e aux m\u00e9thodes neurod\u00e9veloppementales recommand\u00e9es par la HAS.<\/li>\n<\/ul>\n\n\n\n<p><\/p>\n\n\n\n<p><\/p>\n","protected":false},"excerpt":{"rendered":"<p>Qui sommes-nous ? Notre association TED\u00e9TOI a pour objet d\u2019informer le grand public de particuliers et de professionnels sur les TSA, et d\u2019accompagner les enfants \u2013 les adolescents \u2013 les adultes autistes et leur famille depuis 2013. De par la complexit\u00e9 de ce handicap neurod\u00e9veloppemental, nos actions sont nombreuses et multiples pour pallier aux difficult\u00e9s &#8230; <a title=\"L&rsquo;association\" class=\"read-more\" href=\"https:\/\/tedetoi.com\/index.php\/lassociation\/\" aria-label=\"En savoir plus sur L&rsquo;association\">Lire la suite<\/a><\/p>\n","protected":false},"author":1,"featured_media":0,"parent":0,"menu_order":0,"comment_status":"closed","ping_status":"closed","template":"","meta":{"iawp_total_views":23,"footnotes":""},"class_list":["post-12","page","type-page","status-publish"],"_links":{"self":[{"href":"https:\/\/tedetoi.com\/index.php\/wp-json\/wp\/v2\/pages\/12","targetHints":{"allow":["GET"]}}],"collection":[{"href":"https:\/\/tedetoi.com\/index.php\/wp-json\/wp\/v2\/pages"}],"about":[{"href":"https:\/\/tedetoi.com\/index.php\/wp-json\/wp\/v2\/types\/page"}],"author":[{"embeddable":true,"href":"https:\/\/tedetoi.com\/index.php\/wp-json\/wp\/v2\/users\/1"}],"replies":[{"embeddable":true,"href":"https:\/\/tedetoi.com\/index.php\/wp-json\/wp\/v2\/comments?post=12"}],"version-history":[{"count":10,"href":"https:\/\/tedetoi.com\/index.php\/wp-json\/wp\/v2\/pages\/12\/revisions"}],"predecessor-version":[{"id":306,"href":"https:\/\/tedetoi.com\/index.php\/wp-json\/wp\/v2\/pages\/12\/revisions\/306"}],"wp:attachment":[{"href":"https:\/\/tedetoi.com\/index.php\/wp-json\/wp\/v2\/media?parent=12"}],"curies":[{"name":"wp","href":"https:\/\/api.w.org\/{rel}","templated":true}]}}