{"id":14,"date":"2025-02-22T21:19:04","date_gmt":"2025-02-22T20:19:04","guid":{"rendered":"https:\/\/tedetoi.com\/?page_id=14"},"modified":"2026-01-22T09:55:21","modified_gmt":"2026-01-22T08:55:21","slug":"les-objectifs","status":"publish","type":"page","link":"https:\/\/tedetoi.com\/index.php\/les-objectifs\/","title":{"rendered":"Les objectifs"},"content":{"rendered":"\n<p><br><strong>1 \u2013 Accueil, information et orientation des familles<\/strong><\/p>\n\n\n\n<p>&#8230; aide pour le montage du dossier MDPH, permanences t\u00e9l\u00e9phoniques, rendez-vous en visio ou en pr\u00e9sentiel, coaching parental.<\/p>\n\n\n\n<p><strong>2 <strong>\u2013<\/strong> Ateliers enfants<\/strong><br><br>Nous utilisons des m\u00e9thodes adapt\u00e9es et personnalis\u00e9es recommand\u00e9es par la <strong>Haute Autorit\u00e9 de la Sant\u00e9<\/strong>.<br><br><strong>3 \u2013 Partenariats<\/strong><br><br>&#8230; avec des professionnels en lib\u00e9ral.<br><br><strong>4 \u2013 Formations<\/strong><br><br>&#8230; pour les parents et les professionnels.<br><br><strong>5 \u2013 Ateliers d\u2019habilet\u00e9s sociales<\/strong><br><br> \u2026 permettant le d\u00e9veloppement de la socialisation et de l\u2019autonomie des enfants qui rencontrent des difficult\u00e9s \u00e0 l\u2019\u00e9cole et dans leur quotidien.<\/p>\n\n\n\n<p><strong>6 \u2013 des Rencontres<\/strong><br><br>&#8230; entre parents, dans un cadre convivial, afin de rompre l\u2019isolement et d\u2019\u00e9changer sur l\u2019ensemble des probl\u00e9matiques des familles confront\u00e9es aux TSA \/ TND (la fratrie, le couple, la gestion de crises, la perte d\u2019emploi et de vie sociale\u2026).<\/p>\n\n\n\n<p><strong>7 \u2013 des Interventions de sensibilisation au handicap dans les \u00e9coles<\/strong><br><br>(maternelles, primaires, coll\u00e8ges et lyc\u00e9es) et rep\u00e9rage des enfants susceptibles d\u2019\u00eatre concern\u00e9s par un TND aupr\u00e8s des professionnels de l\u2019\u00c9ducation Nationale.<br><br><strong>8 \u2013 Organisation de sorties et de week-ends<\/strong><br><br>&#8230;gratuits ou \u00e0 prix mod\u00e9r\u00e9, pour les familles touch\u00e9es par les TSA \/ TND.<br><br><strong>9 \u2013 Diff\u00e9rentes manifestations<\/strong><br><br> \u00ab Journ\u00e9e de l\u2019autisme \u00bb, conf\u00e9rences\/d\u00e9bats pour les familles et les professionnels, projections de films, vide-greniers, \u00e9v\u00e8nements sportifs et soir\u00e9es \u00e0 des fins caritatives, etc.<br><br><strong>10 \u2013 Sensibilisation et accompagnement \u00e0 l&#8217;emploi<\/strong><\/p>\n\n\n\n<p><strong>11 &#8211;<\/strong> <strong>Structuration de l&rsquo;environnement, guidance dans l&rsquo;utilisation des outils<\/strong><\/p>\n\n\n\n<p><strong>12 &#8211;<\/strong> <strong>Accompagnement dans l&rsquo;autonomie des personnes<\/strong> <\/p>\n\n\n\n<p><\/p>\n\n\n\n<p><\/p>\n","protected":false},"excerpt":{"rendered":"<p>1 \u2013 Accueil, information et orientation des familles &#8230; aide pour le montage du dossier MDPH, permanences t\u00e9l\u00e9phoniques, rendez-vous en visio ou en pr\u00e9sentiel, coaching parental. 2 \u2013 Ateliers enfants Nous utilisons des m\u00e9thodes adapt\u00e9es et personnalis\u00e9es recommand\u00e9es par la Haute Autorit\u00e9 de la Sant\u00e9. 3 \u2013 Partenariats &#8230; avec des professionnels en lib\u00e9ral. 4 &#8230; <a title=\"Les objectifs\" class=\"read-more\" href=\"https:\/\/tedetoi.com\/index.php\/les-objectifs\/\" aria-label=\"En savoir plus sur Les objectifs\">Lire la suite<\/a><\/p>\n","protected":false},"author":1,"featured_media":0,"parent":0,"menu_order":0,"comment_status":"closed","ping_status":"closed","template":"","meta":{"iawp_total_views":13,"footnotes":""},"class_list":["post-14","page","type-page","status-publish"],"_links":{"self":[{"href":"https:\/\/tedetoi.com\/index.php\/wp-json\/wp\/v2\/pages\/14","targetHints":{"allow":["GET"]}}],"collection":[{"href":"https:\/\/tedetoi.com\/index.php\/wp-json\/wp\/v2\/pages"}],"about":[{"href":"https:\/\/tedetoi.com\/index.php\/wp-json\/wp\/v2\/types\/page"}],"author":[{"embeddable":true,"href":"https:\/\/tedetoi.com\/index.php\/wp-json\/wp\/v2\/users\/1"}],"replies":[{"embeddable":true,"href":"https:\/\/tedetoi.com\/index.php\/wp-json\/wp\/v2\/comments?post=14"}],"version-history":[{"count":12,"href":"https:\/\/tedetoi.com\/index.php\/wp-json\/wp\/v2\/pages\/14\/revisions"}],"predecessor-version":[{"id":301,"href":"https:\/\/tedetoi.com\/index.php\/wp-json\/wp\/v2\/pages\/14\/revisions\/301"}],"wp:attachment":[{"href":"https:\/\/tedetoi.com\/index.php\/wp-json\/wp\/v2\/media?parent=14"}],"curies":[{"name":"wp","href":"https:\/\/api.w.org\/{rel}","templated":true}]}}