{"id":20,"date":"2025-02-22T21:20:07","date_gmt":"2025-02-22T20:20:07","guid":{"rendered":"https:\/\/tedetoi.com\/?page_id=20"},"modified":"2025-04-08T08:48:14","modified_gmt":"2025-04-08T06:48:14","slug":"albums","status":"publish","type":"page","link":"https:\/\/tedetoi.com\/index.php\/albums\/","title":{"rendered":"Albums"},"content":{"rendered":"\n<h2 class=\"wp-block-heading\">Regard des enfants sur le handicap<\/h2>\n\n\n\n<p>Dessins r\u00e9alis\u00e9s par les enfants pour la journ\u00e9e de sensibilisation \u00e0 l&rsquo;autisme<\/p>\n\n\n\n<figure class=\"wp-block-gallery has-nested-images columns-default is-cropped wp-block-gallery-1 is-layout-flex wp-block-gallery-is-layout-flex\">\n<figure class=\"wp-block-image size-large\"><img loading=\"lazy\" decoding=\"async\" width=\"356\" height=\"267\" data-id=\"203\" src=\"https:\/\/tedetoi.com\/wp-content\/uploads\/2025\/04\/Capture-decran-2025-04-07-180510.jpg\" alt=\"\" class=\"wp-image-203\" srcset=\"https:\/\/tedetoi.com\/wp-content\/uploads\/2025\/04\/Capture-decran-2025-04-07-180510.jpg 356w, https:\/\/tedetoi.com\/wp-content\/uploads\/2025\/04\/Capture-decran-2025-04-07-180510-300x225.jpg 300w\" sizes=\"auto, (max-width: 356px) 100vw, 356px\" \/><\/figure>\n\n\n\n<figure class=\"wp-block-image size-large\"><img loading=\"lazy\" decoding=\"async\" width=\"357\" height=\"272\" data-id=\"204\" src=\"https:\/\/tedetoi.com\/wp-content\/uploads\/2025\/04\/Capture-decran-2025-04-07-180606.jpg\" alt=\"\" class=\"wp-image-204\" srcset=\"https:\/\/tedetoi.com\/wp-content\/uploads\/2025\/04\/Capture-decran-2025-04-07-180606.jpg 357w, https:\/\/tedetoi.com\/wp-content\/uploads\/2025\/04\/Capture-decran-2025-04-07-180606-300x229.jpg 300w\" sizes=\"auto, (max-width: 357px) 100vw, 357px\" \/><\/figure>\n\n\n\n<figure class=\"wp-block-image size-large\"><img loading=\"lazy\" decoding=\"async\" width=\"358\" height=\"272\" data-id=\"205\" src=\"https:\/\/tedetoi.com\/wp-content\/uploads\/2025\/04\/Capture-decran-2025-04-07-180632.jpg\" alt=\"\" class=\"wp-image-205\" srcset=\"https:\/\/tedetoi.com\/wp-content\/uploads\/2025\/04\/Capture-decran-2025-04-07-180632.jpg 358w, https:\/\/tedetoi.com\/wp-content\/uploads\/2025\/04\/Capture-decran-2025-04-07-180632-300x228.jpg 300w\" sizes=\"auto, (max-width: 358px) 100vw, 358px\" \/><\/figure>\n<\/figure>\n\n\n\n<figure class=\"wp-block-gallery has-nested-images columns-default is-cropped wp-block-gallery-2 is-layout-flex wp-block-gallery-is-layout-flex\"><\/figure>\n\n\n\n<p><\/p>\n","protected":false},"excerpt":{"rendered":"<p>Regard des enfants sur le handicap Dessins r\u00e9alis\u00e9s par les enfants pour la journ\u00e9e de sensibilisation \u00e0 l&rsquo;autisme<\/p>\n","protected":false},"author":1,"featured_media":151,"parent":0,"menu_order":0,"comment_status":"closed","ping_status":"closed","template":"","meta":{"iawp_total_views":17,"footnotes":""},"class_list":["post-20","page","type-page","status-publish","has-post-thumbnail"],"_links":{"self":[{"href":"https:\/\/tedetoi.com\/index.php\/wp-json\/wp\/v2\/pages\/20","targetHints":{"allow":["GET"]}}],"collection":[{"href":"https:\/\/tedetoi.com\/index.php\/wp-json\/wp\/v2\/pages"}],"about":[{"href":"https:\/\/tedetoi.com\/index.php\/wp-json\/wp\/v2\/types\/page"}],"author":[{"embeddable":true,"href":"https:\/\/tedetoi.com\/index.php\/wp-json\/wp\/v2\/users\/1"}],"replies":[{"embeddable":true,"href":"https:\/\/tedetoi.com\/index.php\/wp-json\/wp\/v2\/comments?post=20"}],"version-history":[{"count":9,"href":"https:\/\/tedetoi.com\/index.php\/wp-json\/wp\/v2\/pages\/20\/revisions"}],"predecessor-version":[{"id":268,"href":"https:\/\/tedetoi.com\/index.php\/wp-json\/wp\/v2\/pages\/20\/revisions\/268"}],"wp:featuredmedia":[{"embeddable":true,"href":"https:\/\/tedetoi.com\/index.php\/wp-json\/wp\/v2\/media\/151"}],"wp:attachment":[{"href":"https:\/\/tedetoi.com\/index.php\/wp-json\/wp\/v2\/media?parent=20"}],"curies":[{"name":"wp","href":"https:\/\/api.w.org\/{rel}","templated":true}]}}