{"id":28,"date":"2025-02-22T21:21:13","date_gmt":"2025-02-22T20:21:13","guid":{"rendered":"https:\/\/tedetoi.com\/?page_id=28"},"modified":"2025-05-28T18:04:40","modified_gmt":"2025-05-28T16:04:40","slug":"contact","status":"publish","type":"page","link":"https:\/\/tedetoi.com\/index.php\/contact\/","title":{"rendered":"Contact"},"content":{"rendered":"\n<p>Nous vous remercions pour votre int\u00e9r\u00eat et nous efforcerons de vous r\u00e9pondre rapidement.<\/p>\n\n\n<div class=\"wpforms-container wpforms-container-full wpforms-block wpforms-block-d5af3f5c-fde1-46e4-b9dd-a04fd57a418a wpforms-render-modern\" id=\"wpforms-106\"><form id=\"wpforms-form-106\" class=\"wpforms-validate wpforms-form wpforms-ajax-form\" data-formid=\"106\" method=\"post\" enctype=\"multipart\/form-data\" action=\"\/index.php\/wp-json\/wp\/v2\/pages\/28\" data-token=\"c688a1120435cc5aa3537990fb38395d\" data-token-time=\"1776507780\"><noscript class=\"wpforms-error-noscript\">Veuillez activer JavaScript dans votre navigateur pour remplir ce formulaire.<\/noscript><div id=\"wpforms-error-noscript\" style=\"display: none;\">Veuillez activer JavaScript dans votre navigateur pour remplir ce formulaire.<\/div><div class=\"wpforms-field-container\">\t\t<div id=\"wpforms-106-field_4-container\"\n\t\t\tclass=\"wpforms-field wpforms-field-text\"\n\t\t\tdata-field-type=\"text\"\n\t\t\tdata-field-id=\"4\"\n\t\t\t>\n\t\t\t<label class=\"wpforms-field-label\" for=\"wpforms-106-field_4\" >: : Votre<\/label>\n\t\t\t<input type=\"text\" id=\"wpforms-106-field_4\" class=\"wpforms-field-medium\" name=\"wpforms[fields][4]\" >\n\t\t<\/div>\n\t\t<div id=\"wpforms-106-field_1-container\" class=\"wpforms-field wpforms-field-name\" data-field-id=\"1\"><fieldset><legend class=\"wpforms-field-label\">Votre identit\u00e9 :<\/legend><div class=\"wpforms-field-row wpforms-field-medium\"><div class=\"wpforms-field-row-block wpforms-first wpforms-one-half\"><input type=\"text\" id=\"wpforms-106-field_1\" class=\"wpforms-field-name-first\" name=\"wpforms[fields][1][first]\" aria-errormessage=\"wpforms-106-field_1-error\" ><label for=\"wpforms-106-field_1\" class=\"wpforms-field-sublabel after\">Pr\u00e9nom<\/label><\/div><div class=\"wpforms-field-row-block wpforms-one-half\"><input type=\"text\" id=\"wpforms-106-field_1-last\" class=\"wpforms-field-name-last\" name=\"wpforms[fields][1][last]\" aria-errormessage=\"wpforms-106-field_1-last-error\" ><label for=\"wpforms-106-field_1-last\" class=\"wpforms-field-sublabel after\">Nom<\/label><\/div><\/div><\/fieldset><\/div><div id=\"wpforms-106-field_2-container\" class=\"wpforms-field wpforms-field-email\" data-field-id=\"2\"><label class=\"wpforms-field-label\" for=\"wpforms-106-field_2\">Votre e-mail : <span class=\"wpforms-required-label\" aria-hidden=\"true\">*<\/span><\/label><input type=\"email\" id=\"wpforms-106-field_2\" class=\"wpforms-field-medium wpforms-field-required\" name=\"wpforms[fields][2]\" spellcheck=\"false\" aria-errormessage=\"wpforms-106-field_2-error\" required><\/div><div id=\"wpforms-106-field_3-container\" class=\"wpforms-field wpforms-field-textarea\" data-field-id=\"3\"><label class=\"wpforms-field-label\" for=\"wpforms-106-field_3\">\u00c9crivez-nous votre message : <span class=\"wpforms-required-label\" aria-hidden=\"true\">*<\/span><\/label><textarea id=\"wpforms-106-field_3\" class=\"wpforms-field-medium wpforms-field-required\" name=\"wpforms[fields][3]\" aria-errormessage=\"wpforms-106-field_3-error\" required><\/textarea><\/div><script>\n\t\t\t\t( function() {\n\t\t\t\t\tconst style = document.createElement( 'style' );\n\t\t\t\t\tstyle.appendChild( document.createTextNode( '#wpforms-106-field_4-container { position: absolute !important; overflow: hidden !important; display: inline !important; height: 1px !important; width: 1px !important; z-index: -1000 !important; padding: 0 !important; } #wpforms-106-field_4-container input { visibility: hidden; } #wpforms-conversational-form-page #wpforms-106-field_4-container label { counter-increment: none; }' ) );\n\t\t\t\t\tdocument.head.appendChild( style );\n\t\t\t\t\tdocument.currentScript?.remove();\n\t\t\t\t} )();\n\t\t\t<\/script><\/div><!-- .wpforms-field-container --><div class=\"wpforms-submit-container\" ><input type=\"hidden\" name=\"wpforms[id]\" value=\"106\"><input type=\"hidden\" name=\"page_title\" value=\"\"><input type=\"hidden\" name=\"page_url\" value=\"https:\/\/tedetoi.com\/index.php\/wp-json\/wp\/v2\/pages\/28\"><input type=\"hidden\" name=\"url_referer\" value=\"\"><button type=\"submit\" name=\"wpforms[submit]\" id=\"wpforms-submit-106\" class=\"wpforms-submit\" data-alt-text=\"Envoi...\" data-submit-text=\"Envoyer\" aria-live=\"assertive\" value=\"wpforms-submit\">Envoyer<\/button><img loading=\"lazy\" decoding=\"async\" src=\"https:\/\/tedetoi.com\/wp-content\/plugins\/wpforms-lite\/assets\/images\/submit-spin.svg\" class=\"wpforms-submit-spinner\" style=\"display: none;\" width=\"26\" height=\"26\" alt=\"Chargement en cours\"><\/div><\/form><\/div>  <!-- .wpforms-container -->\n\n\n<h3 class=\"wp-block-heading\">Autres moyens de contact<\/h3>\n\n\n\n<ul class=\"wp-block-list\">\n<li>Par e-mail : <a href=\"mailto:ass.tedetoi@orange.fr\">ass.tedetoi@orange.fr<\/a><\/li>\n\n\n\n<li>Par t\u00e9l\u00e9phone : <a href=\"tel:0666306415\">06 66 30 64 15<\/a><\/li>\n<\/ul>\n\n\n\n<h2 class=\"wp-block-heading\">Adh\u00e9rer<\/h2>\n\n\n\n<p>Adh\u00e9rer \u00e0 l&rsquo;association TED\u00e9TOI permet de la soutenir dans ses actions aupr\u00e8s des enfants autistes ou avec un TND (trouble neuro-d\u00e9veloppemental) et de leurs familles : ateliers \u00e9ducatifs, formation des intervenants, ateliers d\u2019habilet\u00e9s sociales, loisirs et animations, ateliers enfants et rencontres parents.<\/p>\n\n\n\n<p>Nous vous invitons \u00e0 <a href=\"https:\/\/tedetoi.com\/wp-content\/uploads\/2025\/03\/Bulletin-dadhesion-2025.pdf\" data-type=\"attachment\" data-id=\"76\">t\u00e9l\u00e9charger le bulletin d&rsquo;adh\u00e9sion<\/a> et \u00e0 le retourner compl\u00e9t\u00e9 \u00e0 notre adresse :<\/p>\n\n\n\n<p>Association TED\u00e9TOI<br>Madame TAILLANDIER<br>11 avenue Gaston de Fontmichel<br>06460 SAINT-VALLIER-DE-THIEY<\/p>\n\n\n\n<p><br><\/p>\n","protected":false},"excerpt":{"rendered":"<p>Nous vous remercions pour votre int\u00e9r\u00eat et nous efforcerons de vous r\u00e9pondre rapidement. Autres moyens de contact Adh\u00e9rer Adh\u00e9rer \u00e0 l&rsquo;association TED\u00e9TOI permet de la soutenir dans ses actions aupr\u00e8s des enfants autistes ou avec un TND (trouble neuro-d\u00e9veloppemental) et de leurs familles : ateliers \u00e9ducatifs, formation des intervenants, ateliers d\u2019habilet\u00e9s sociales, loisirs et animations, &#8230; <a title=\"Contact\" class=\"read-more\" href=\"https:\/\/tedetoi.com\/index.php\/contact\/\" aria-label=\"En savoir plus sur Contact\">Lire la suite<\/a><\/p>\n","protected":false},"author":1,"featured_media":120,"parent":0,"menu_order":0,"comment_status":"closed","ping_status":"closed","template":"","meta":{"iawp_total_views":14,"footnotes":""},"class_list":["post-28","page","type-page","status-publish","has-post-thumbnail"],"_links":{"self":[{"href":"https:\/\/tedetoi.com\/index.php\/wp-json\/wp\/v2\/pages\/28","targetHints":{"allow":["GET"]}}],"collection":[{"href":"https:\/\/tedetoi.com\/index.php\/wp-json\/wp\/v2\/pages"}],"about":[{"href":"https:\/\/tedetoi.com\/index.php\/wp-json\/wp\/v2\/types\/page"}],"author":[{"embeddable":true,"href":"https:\/\/tedetoi.com\/index.php\/wp-json\/wp\/v2\/users\/1"}],"replies":[{"embeddable":true,"href":"https:\/\/tedetoi.com\/index.php\/wp-json\/wp\/v2\/comments?post=28"}],"version-history":[{"count":11,"href":"https:\/\/tedetoi.com\/index.php\/wp-json\/wp\/v2\/pages\/28\/revisions"}],"predecessor-version":[{"id":281,"href":"https:\/\/tedetoi.com\/index.php\/wp-json\/wp\/v2\/pages\/28\/revisions\/281"}],"wp:featuredmedia":[{"embeddable":true,"href":"https:\/\/tedetoi.com\/index.php\/wp-json\/wp\/v2\/media\/120"}],"wp:attachment":[{"href":"https:\/\/tedetoi.com\/index.php\/wp-json\/wp\/v2\/media?parent=28"}],"curies":[{"name":"wp","href":"https:\/\/api.w.org\/{rel}","templated":true}]}}